{"id":60,"date":"2023-11-11T18:11:51","date_gmt":"2023-11-11T21:11:51","guid":{"rendered":"http:\/\/localhost:8000\/?page_id=60"},"modified":"2023-11-14T14:50:34","modified_gmt":"2023-11-14T17:50:34","slug":"about-us","status":"publish","type":"page","link":"https:\/\/it-butler.com.br\/pt\/about-us\/","title":{"rendered":"Sobre n\u00f3s"},"content":{"rendered":"<div class=\"wp-block-group alignfull has-accent-5-background-color has-background is-content-justification-space-between is-nowrap is-layout-flex wp-container-core-group-is-layout-8e687da0 wp-block-group-is-layout-flex\" style=\"margin-top:0;margin-bottom:0;padding-top:var(--wp--preset--spacing--50);padding-right:var(--wp--preset--spacing--50);padding-bottom:var(--wp--preset--spacing--50);padding-left:var(--wp--preset--spacing--50)\">\n<div class=\"wp-block-columns alignwide is-layout-flex wp-container-core-columns-is-layout-1da03c2a wp-block-columns-is-layout-flex\">\n<div class=\"wp-block-column is-vertically-aligned-stretch has-accent-5-background-color has-background is-layout-flow wp-block-column-is-layout-flow\" style=\"flex-basis:50%\">\n<div class=\"wp-block-group is-horizontal is-content-justification-center is-layout-flex wp-container-core-group-is-layout-3df7769d wp-block-group-is-layout-flex\" style=\"min-height:100%\">\n<p class=\"has-contrast-color has-text-color has-link-color has-heading-font-family wp-elements-2e42976eca3c0d840a8d2c60b12365d9\" style=\"font-size:clamp(0.984rem, 0.984rem + ((1vw - 0.2rem) * 0.86), 1.5rem);line-height:1.2\">Nossa vis\u00e3o \u00e9 tornar nossos clientes bem-sucedidos em seus empreendimentos comerciais e acompanh\u00e1-los em uma ind\u00fastria digital em ritmo acelerado.<br><br>Nossa equipe de especialistas trabalha globalmente e nossos escrit\u00f3rios est\u00e3o localizados na Europa, Am\u00e9rica Latina, \u00c1frica do Sul e EUA.<br><br>Todos os nossos especialistas possuem forma\u00e7\u00e3o acad\u00eamica em ci\u00eancia da computa\u00e7\u00e3o e engenharia. Possu\u00edmos expertise em Desenvolvimento Web, Programa\u00e7\u00e3o, Sistema, Banco de Dados, Administra\u00e7\u00e3o de Rede e CRM. Al\u00e9m disso, podemos configurar redes de computadores completas para empresas de qualquer tamanho.<\/p>\n\n\n\n<div class=\"wp-block-group has-global-padding is-content-justification-left is-layout-constrained wp-container-core-group-is-layout-9fe8ed88 wp-block-group-is-layout-constrained\">\n<p class=\"has-medium-font-size wp-container-content-0733e5d0\"><strong>Bom servi\u00e7o \u00e9 bom neg\u00f3cio<\/strong><\/p>\n<\/div>\n<\/div>\n<\/div>\n\n\n\n<div class=\"wp-block-column is-vertically-aligned-center is-layout-flow wp-block-column-is-layout-flow\" style=\"flex-basis:50%\">\n<figure class=\"wp-block-image size-large is-resized is-style-rounded is-style-rounded--1\"><img loading=\"lazy\" decoding=\"async\" width=\"1024\" height=\"683\" src=\"https:\/\/it-butler.com.br\/wp-content\/uploads\/2023\/11\/motherboard-circuit-technology-background-gradient-blue-1024x683.jpg\" alt=\"\" class=\"wp-image-158\" style=\"aspect-ratio:3\/4;object-fit:cover;width:400px\" srcset=\"https:\/\/it-butler.com.br\/wp-content\/uploads\/2023\/11\/motherboard-circuit-technology-background-gradient-blue-1024x683.jpg 1024w, https:\/\/it-butler.com.br\/wp-content\/uploads\/2023\/11\/motherboard-circuit-technology-background-gradient-blue-300x200.jpg 300w, https:\/\/it-butler.com.br\/wp-content\/uploads\/2023\/11\/motherboard-circuit-technology-background-gradient-blue-768x512.jpg 768w, https:\/\/it-butler.com.br\/wp-content\/uploads\/2023\/11\/motherboard-circuit-technology-background-gradient-blue-1536x1024.jpg 1536w, https:\/\/it-butler.com.br\/wp-content\/uploads\/2023\/11\/motherboard-circuit-technology-background-gradient-blue-2048x1365.jpg 2048w\" sizes=\"auto, (max-width: 1024px) 100vw, 1024px\" \/><\/figure>\n<\/div>\n<\/div>\n<\/div>","protected":false},"excerpt":{"rendered":"<p>Our vision is to make our clients successful in their business endeavors and accompany them in a fast paced digital industry. Our team of experts work globally and our offices are located in Europe, Latin America, South-Africa and the U.S.A. All of our team of experts have an academic background in computer science and engineering. [&hellip;]<\/p>\n","protected":false},"author":1,"featured_media":0,"parent":0,"menu_order":0,"comment_status":"closed","ping_status":"closed","template":"","meta":{"om_disable_all_campaigns":false,"_monsterinsights_skip_tracking":false,"_monsterinsights_sitenote_active":false,"_monsterinsights_sitenote_note":"","_monsterinsights_sitenote_category":0,"footnotes":""},"class_list":["post-60","page","type-page","status-publish","hentry"],"aioseo_notices":[],"_links":{"self":[{"href":"https:\/\/it-butler.com.br\/pt\/wp-json\/wp\/v2\/pages\/60","targetHints":{"allow":["GET"]}}],"collection":[{"href":"https:\/\/it-butler.com.br\/pt\/wp-json\/wp\/v2\/pages"}],"about":[{"href":"https:\/\/it-butler.com.br\/pt\/wp-json\/wp\/v2\/types\/page"}],"author":[{"embeddable":true,"href":"https:\/\/it-butler.com.br\/pt\/wp-json\/wp\/v2\/users\/1"}],"replies":[{"embeddable":true,"href":"https:\/\/it-butler.com.br\/pt\/wp-json\/wp\/v2\/comments?post=60"}],"version-history":[{"count":3,"href":"https:\/\/it-butler.com.br\/pt\/wp-json\/wp\/v2\/pages\/60\/revisions"}],"predecessor-version":[{"id":163,"href":"https:\/\/it-butler.com.br\/pt\/wp-json\/wp\/v2\/pages\/60\/revisions\/163"}],"wp:attachment":[{"href":"https:\/\/it-butler.com.br\/pt\/wp-json\/wp\/v2\/media?parent=60"}],"curies":[{"name":"wp","href":"https:\/\/api.w.org\/{rel}","templated":true}]}}