{"id":22,"date":"2023-11-11T18:12:41","date_gmt":"2023-11-11T21:12:41","guid":{"rendered":"http:\/\/localhost:8000\/?page_id=8"},"modified":"2023-11-17T16:52:07","modified_gmt":"2023-11-17T19:52:07","slug":"home","status":"publish","type":"page","link":"https:\/\/it-butler.com.br\/pt\/","title":{"rendered":"In\u00edcio"},"content":{"rendered":"<div class=\"wp-block-group alignfull has-global-padding is-layout-constrained wp-container-core-group-is-layout-3317f9b0 wp-block-group-is-layout-constrained\" style=\"padding-top:var(--wp--preset--spacing--10);padding-right:var(--wp--preset--spacing--50);padding-bottom:var(--wp--preset--spacing--10);padding-left:var(--wp--preset--spacing--50)\">\n<div class=\"wp-block-group has-global-padding is-layout-constrained wp-container-core-group-is-layout-650790e1 wp-block-group-is-layout-constrained\">\n<h1 class=\"wp-block-heading has-text-align-center has-x-large-font-size\">Bom servi\u00e7o \u00e9 bom neg\u00f3cio<\/h1>\n\n\n\n<div style=\"height:1.25rem\" aria-hidden=\"true\" class=\"wp-block-spacer\"><\/div>\n\n\n\n<p class=\"has-text-align-center\">O it-butler \u00e9 um provedor l\u00edder de desenvolvimento web e servi\u00e7os de TI com mais de 30 anos de experi\u00eancia atendendo pequenas, m\u00e9dias e grandes empresas. Oferecemos uma ampla gama de servi\u00e7os de desenvolvimento web, incluindo design de web personalizado, desenvolvimento de com\u00e9rcio eletr\u00f4nico e desenvolvimento de aplicativos m\u00f3veis. Tamb\u00e9m oferecemos servi\u00e7os de suporte de TI, como administra\u00e7\u00e3o de sistema, rede e banco de dados, ciberseguran\u00e7a e computa\u00e7\u00e3o em nuvem. Entre em contato conosco hoje para uma consulta gratuita.<\/p>\n\n\n\n<div style=\"height:1.25rem\" aria-hidden=\"true\" class=\"wp-block-spacer\"><\/div>\n\n\n\n<div class=\"wp-block-buttons is-content-justification-center is-layout-flex wp-container-core-buttons-is-layout-a89b3969 wp-block-buttons-is-layout-flex\">\n<div class=\"wp-block-button\"><a class=\"wp-block-button__link wp-element-button\" href=\"http:\/\/it-butler.com.br\/pt\/?page_id=60\" rel=\"\">Sobre n\u00f3s<\/a><\/div>\n<\/div>\n<\/div>\n\n\n\n<div style=\"height:var(--wp--preset--spacing--30)\" aria-hidden=\"true\" class=\"wp-block-spacer\"><\/div>\n\n\n\n<div class=\"wp-block-group alignwide has-global-padding is-layout-constrained wp-container-core-group-is-layout-41c06ba8 wp-block-group-is-layout-constrained\">\n<figure class=\"wp-block-image alignwide size-full is-style-rounded is-style-rounded--1\"><img loading=\"lazy\" decoding=\"async\" width=\"2560\" height=\"1706\" src=\"http:\/\/it-butler.com.br\/wp-content\/uploads\/2023\/11\/motherboard-circuit-technology-background-gradient-blue-scaled.jpg\" alt=\"\" class=\"wp-image-158\" srcset=\"https:\/\/it-butler.com.br\/wp-content\/uploads\/2023\/11\/motherboard-circuit-technology-background-gradient-blue-scaled.jpg 2560w, https:\/\/it-butler.com.br\/wp-content\/uploads\/2023\/11\/motherboard-circuit-technology-background-gradient-blue-300x200.jpg 300w, https:\/\/it-butler.com.br\/wp-content\/uploads\/2023\/11\/motherboard-circuit-technology-background-gradient-blue-1024x683.jpg 1024w, https:\/\/it-butler.com.br\/wp-content\/uploads\/2023\/11\/motherboard-circuit-technology-background-gradient-blue-768x512.jpg 768w, https:\/\/it-butler.com.br\/wp-content\/uploads\/2023\/11\/motherboard-circuit-technology-background-gradient-blue-1536x1024.jpg 1536w, https:\/\/it-butler.com.br\/wp-content\/uploads\/2023\/11\/motherboard-circuit-technology-background-gradient-blue-2048x1365.jpg 2048w\" sizes=\"auto, (max-width: 2560px) 100vw, 2560px\" \/><\/figure>\n<\/div>\n<\/div>\n\n\n\n<div class=\"wp-block-group alignfull has-medium-font-size has-global-padding is-layout-constrained wp-container-core-group-is-layout-cd6163fc wp-block-group-is-layout-constrained\" style=\"margin-top:0;margin-bottom:0;padding-top:var(--wp--preset--spacing--10);padding-right:var(--wp--preset--spacing--50);padding-bottom:var(--wp--preset--spacing--10);padding-left:var(--wp--preset--spacing--50)\">\n<div class=\"wp-block-group alignwide has-base-2-background-color has-background has-global-padding is-layout-constrained wp-container-core-group-is-layout-a151063b wp-block-group-is-layout-constrained\" style=\"border-radius:16px;padding-top:var(--wp--preset--spacing--50);padding-right:var(--wp--preset--spacing--40);padding-bottom:var(--wp--preset--spacing--50);padding-left:var(--wp--preset--spacing--40)\">\n<div class=\"wp-block-group alignwide is-vertical is-content-justification-stretch is-layout-flex wp-container-core-group-is-layout-353c4f5a wp-block-group-is-layout-flex\">\n<h2 class=\"wp-block-heading has-text-align-center\">Nossos servi\u00e7os de desenvolvimento web<\/h2>\n\n\n\n<p class=\"has-text-align-center\" style=\"margin-top:var(--wp--preset--spacing--10);font-size:clamp(0.875rem, 0.875rem + ((1vw - 0.2rem) * 0.417), 1.125rem);\">Oferecemos pacotes fixos e flex\u00edveis, dependendo das suas necessidades de neg\u00f3cios.<br>Pequenas empresas geralmente escolhem nosso Pacote Prata ou Ouro, enquanto empresas m\u00e9dias e grandes optam pelo Pacote Platina.<\/p>\n<\/div>\n\n\n\n<div style=\"height:var(--wp--preset--spacing--30)\" aria-hidden=\"true\" class=\"wp-block-spacer\"><\/div>\n\n\n\n<div class=\"wp-block-columns alignwide is-layout-flex wp-container-core-columns-is-layout-06670bbc wp-block-columns-is-layout-flex\">\n<div class=\"wp-block-column is-vertically-aligned-top is-layout-flow wp-block-column-is-layout-flow\" style=\"border-top-color:var(--wp--preset--color--contrast-3);border-top-width:1px;padding-top:var(--wp--preset--spacing--30);padding-right:var(--wp--preset--spacing--30);padding-bottom:var(--wp--preset--spacing--10);padding-left:var(--wp--preset--spacing--30)\">\n<h4 class=\"wp-block-heading has-text-align-center has-large-font-size\" style=\"padding-top:1px\">Prata<\/h4>\n\n\n\n<h5 class=\"wp-block-heading has-text-align-center has-large-font-size\">USD 599.-<\/h5>\n\n\n\n<ul class=\"wp-block-list\">\n<li>P\u00e1gina de destino ou at\u00e9 3 p\u00e1ginas<\/li>\n\n\n\n<li>Design e layout responsivos b\u00e1sicos<\/li>\n\n\n\n<li>Formul\u00e1rio de contato<\/li>\n<\/ul>\n<\/div>\n\n\n\n<div class=\"wp-block-column is-vertically-aligned-top is-layout-flow wp-block-column-is-layout-flow\" style=\"border-top-color:var(--wp--preset--color--contrast);border-top-width:2px;padding-top:var(--wp--preset--spacing--30);padding-right:var(--wp--preset--spacing--30);padding-bottom:var(--wp--preset--spacing--10);padding-left:var(--wp--preset--spacing--30)\">\n<h4 class=\"wp-block-heading has-text-align-center has-large-font-size\">Ouro <\/h4>\n\n\n\n<h5 class=\"wp-block-heading has-text-align-center has-large-font-size\">USD 1.799.-<\/h5>\n\n\n\n<ul class=\"wp-block-list\">\n<li>At\u00e9 8 p\u00e1ginas<\/li>\n\n\n\n<li>Design e layout personalizado<\/li>\n\n\n\n<li>Otimiza\u00e7\u00e3o para mecanismos de pesquisa (SEO)<\/li>\n\n\n\n<li>Integra\u00e7\u00e3o com m\u00eddias sociais<\/li>\n\n\n\n<li>Hospedagem inclu\u00edda por 2 anos<\/li>\n<\/ul>\n<\/div>\n\n\n\n<div class=\"wp-block-column is-vertically-aligned-top is-layout-flow wp-block-column-is-layout-flow\" style=\"border-top-color:var(--wp--preset--color--contrast-3);border-top-width:1px;padding-top:var(--wp--preset--spacing--30);padding-right:var(--wp--preset--spacing--30);padding-bottom:var(--wp--preset--spacing--10);padding-left:var(--wp--preset--spacing--30)\">\n<h4 class=\"wp-block-heading has-text-align-center has-large-font-size\" style=\"padding-top:1px\"> Platina<\/h4>\n\n\n\n<h5 class=\"wp-block-heading has-text-align-center has-large-font-size\">USD Flexible<\/h5>\n\n\n\n<ul class=\"wp-block-list\">\n<li>10+ p\u00e1ginas<\/li>\n\n\n\n<li>Design e layout personalizado<\/li>\n\n\n\n<li>Otimiza\u00e7\u00e3o para mecanismos de pesquisa (SEO)<\/li>\n\n\n\n<li>Integra\u00e7\u00e3o com m\u00eddias sociais<\/li>\n\n\n\n<li>Funcionalidade de com\u00e9rcio eletr\u00f4nico<\/li>\n\n\n\n<li>Sistema de gerenciamento de conte\u00fado<\/li>\n<\/ul>\n<\/div>\n<\/div>\n<\/div>\n<\/div>\n\n\n\n<div class=\"wp-block-buttons is-content-justification-center is-layout-flex wp-container-core-buttons-is-layout-a89b3969 wp-block-buttons-is-layout-flex\">\n<div class=\"wp-block-button\"><a class=\"wp-block-button__link wp-element-button\" href=\"https:\/\/it-butler.com.br\/pt\/contact\/\">Entre em contato<\/a><\/div>\n<\/div>","protected":false},"excerpt":{"rendered":"<p>Good Service Is Good Business it-butler is a leading web development and IT services provider with over 30 years of experience serving small, medium, and large businesses. We offer a wide range of web development services, including custom web design, e-commerce development, and mobile app development. We also offer IT support services, such as system, [&hellip;]<\/p>\n","protected":false},"author":1,"featured_media":0,"parent":0,"menu_order":0,"comment_status":"closed","ping_status":"closed","template":"","meta":{"om_disable_all_campaigns":false,"_monsterinsights_skip_tracking":false,"_monsterinsights_sitenote_active":false,"_monsterinsights_sitenote_note":"","_monsterinsights_sitenote_category":0,"footnotes":""},"class_list":["post-22","page","type-page","status-publish","hentry"],"aioseo_notices":[],"_links":{"self":[{"href":"https:\/\/it-butler.com.br\/pt\/wp-json\/wp\/v2\/pages\/22","targetHints":{"allow":["GET"]}}],"collection":[{"href":"https:\/\/it-butler.com.br\/pt\/wp-json\/wp\/v2\/pages"}],"about":[{"href":"https:\/\/it-butler.com.br\/pt\/wp-json\/wp\/v2\/types\/page"}],"author":[{"embeddable":true,"href":"https:\/\/it-butler.com.br\/pt\/wp-json\/wp\/v2\/users\/1"}],"replies":[{"embeddable":true,"href":"https:\/\/it-butler.com.br\/pt\/wp-json\/wp\/v2\/comments?post=22"}],"version-history":[{"count":5,"href":"https:\/\/it-butler.com.br\/pt\/wp-json\/wp\/v2\/pages\/22\/revisions"}],"predecessor-version":[{"id":182,"href":"https:\/\/it-butler.com.br\/pt\/wp-json\/wp\/v2\/pages\/22\/revisions\/182"}],"wp:attachment":[{"href":"https:\/\/it-butler.com.br\/pt\/wp-json\/wp\/v2\/media?parent=22"}],"curies":[{"name":"wp","href":"https:\/\/api.w.org\/{rel}","templated":true}]}}