{"id":115,"date":"2023-11-12T13:01:47","date_gmt":"2023-11-12T16:01:47","guid":{"rendered":"http:\/\/localhost:8000\/?page_id=115"},"modified":"2023-11-14T16:03:42","modified_gmt":"2023-11-14T19:03:42","slug":"portfolio","status":"publish","type":"page","link":"https:\/\/it-butler.com.br\/pt\/portfolio\/","title":{"rendered":"Portf\u00f3lio"},"content":{"rendered":"<h5 class=\"wp-block-heading has-text-align-center\" style=\"font-style:normal;font-weight:400;text-transform:uppercase\"><strong>Portf\u00f3lio<\/strong><\/h5>\n\n\n\n<h2 class=\"wp-block-heading has-text-align-center\" style=\"font-style:normal;font-weight:900\">Alguns dos nossos clientes<\/h2>\n\n\n\n<p class=\"has-text-align-center\">Temos o orgulho de ter estabelecido relacionamentos com muitos clientes em todos os setores. Abaixo, representamos uma pequena amostra de nossos clientes.<\/p>\n\n\n\n<div class=\"wp-block-columns alignwide is-layout-flex wp-container-core-columns-is-layout-28f84493 wp-block-columns-is-layout-flex\">\n<div class=\"wp-block-column is-layout-flow wp-block-column-is-layout-flow\">\n<div class=\"wp-block-group is-layout-flow wp-container-core-group-is-layout-fe0e2ea3 wp-block-group-is-layout-flow\">\n<hr class=\"wp-block-separator has-alpha-channel-opacity is-style-wide\"\/>\n\n\n\n<div style=\"height:20px\" aria-hidden=\"true\" class=\"wp-block-spacer\"><\/div>\n\n\n\n<div class=\"wp-block-buttons is-layout-flex wp-block-buttons-is-layout-flex\">\n<div class=\"wp-block-button is-style-fill\"><a class=\"wp-block-button__link has-background wp-element-button\" href=\"https:\/\/intuit.com\/\" style=\"background-color:#011fff\" target=\"_blank\" rel=\"noreferrer noopener\"><strong>Intuit Incorporated, Mountain View, California, U.S.A.<\/strong><\/a><\/div>\n\n\n\n<div class=\"wp-block-button\"><a class=\"wp-block-button__link has-background wp-element-button\" href=\"https:\/\/www.dehoga-bundesverband.de\/\" style=\"background-color:#011fff\" target=\"_blank\" rel=\"noreferrer noopener\"><strong>Verband der Lehrkr\u00e4fte an beruflichen Schulen in Bayern, Germany<\/strong><\/a><\/div>\n<\/div>\n<\/div>\n<\/div>\n\n\n\n<div class=\"wp-block-column is-layout-flow wp-block-column-is-layout-flow\">\n<div class=\"wp-block-group is-layout-flow wp-container-core-group-is-layout-fe0e2ea3 wp-block-group-is-layout-flow\">\n<hr class=\"wp-block-separator has-alpha-channel-opacity is-style-wide\"\/>\n\n\n\n<div style=\"height:20px\" aria-hidden=\"true\" class=\"wp-block-spacer\"><\/div>\n\n\n\n<div class=\"wp-block-buttons is-layout-flex wp-block-buttons-is-layout-flex\">\n<div class=\"wp-block-button\"><a class=\"wp-block-button__link has-background wp-element-button\" href=\"https:\/\/www.dehoga-bundesverband.de\/\" style=\"background-color:#011fff\" target=\"_blank\" rel=\"noreferrer noopener\"><strong>German Hotel and Restaurant Association, Germany<\/strong><\/a><\/div>\n<\/div>\n\n\n\n<div class=\"wp-block-buttons is-layout-flex wp-block-buttons-is-layout-flex\">\n<div class=\"wp-block-button\"><a class=\"wp-block-button__link has-background wp-element-button\" href=\"https:\/\/www.mathschool.com\/\" style=\"background-color:#011fff\" target=\"_blank\" rel=\"noreferrer noopener\"><strong>Russian School of Mathematics, Yerevan, Armenia<\/strong><\/a><\/div>\n<\/div>\n<\/div>\n<\/div>\n\n\n\n<div class=\"wp-block-column is-layout-flow wp-block-column-is-layout-flow\">\n<div class=\"wp-block-group is-layout-flow wp-container-core-group-is-layout-fe0e2ea3 wp-block-group-is-layout-flow\">\n<hr class=\"wp-block-separator has-alpha-channel-opacity is-style-wide\"\/>\n\n\n\n<div style=\"height:20px\" aria-hidden=\"true\" class=\"wp-block-spacer\"><\/div>\n\n\n\n<div class=\"wp-block-buttons is-layout-flex wp-block-buttons-is-layout-flex\">\n<div class=\"wp-block-button\"><a class=\"wp-block-button__link has-background wp-element-button\" href=\"https:\/\/www.fahrrad-zimmermann.de\/\" style=\"background-color:#011fff\" target=\"_blank\" rel=\"noreferrer noopener\"><strong>Fahrrad Zimmermann GmbH, Munich, Germany<\/strong><\/a><\/div>\n<\/div>\n\n\n\n<div class=\"wp-block-buttons is-layout-flex wp-block-buttons-is-layout-flex\">\n<div class=\"wp-block-button\"><a class=\"wp-block-button__link has-background wp-element-button\" href=\"https:\/\/naghashyan.com\/\" style=\"background-color:#011fff\" target=\"_blank\" rel=\"noreferrer noopener\"><strong>Naghashyan Solutions, Yerevan, Armenia<\/strong><\/a><\/div>\n<\/div>\n<\/div>\n<\/div>\n\n\n\n<div class=\"wp-block-column is-layout-flow wp-block-column-is-layout-flow\">\n<div class=\"wp-block-group is-layout-flow wp-container-core-group-is-layout-fe0e2ea3 wp-block-group-is-layout-flow\">\n<hr class=\"wp-block-separator has-alpha-channel-opacity is-style-wide\"\/>\n\n\n\n<div style=\"height:20px\" aria-hidden=\"true\" class=\"wp-block-spacer\"><\/div>\n\n\n\n<div class=\"wp-block-buttons is-layout-flex wp-block-buttons-is-layout-flex\">\n<div class=\"wp-block-button\"><a class=\"wp-block-button__link has-background wp-element-button\" href=\"https:\/\/adocao-caes-adultos.com.br\/\" style=\"background-color:#011fff\" target=\"_blank\" rel=\"noreferrer noopener\"><strong>Ado\u00e7\u00e3o C\u00e3es Adultos, S\u00e3o Vicente, Brazil<\/strong><\/a><\/div>\n<\/div>\n\n\n\n<div class=\"wp-block-buttons is-layout-flex wp-block-buttons-is-layout-flex\">\n<div class=\"wp-block-button\"><a class=\"wp-block-button__link has-background wp-element-button\" href=\"https:\/\/adocao-caes-adultos.com.br\/\" style=\"background-color:#011fff\" target=\"_blank\" rel=\"noreferrer noopener\"><strong>Boged Leather Bags and Accessories, Yerevan, Armenia<\/strong><\/a><\/div>\n<\/div>\n<\/div>\n<\/div>\n<\/div>\n\n\n\n<p class=\"has-text-align-center\">Adorar\u00edamos adicionar sua empresa \u00e0 nossa crescente lista de clientes satisfeitos!<\/p>","protected":false},"excerpt":{"rendered":"<p>Portfolio Some of Our Clients We&#8217;re Proud to Have Established Relationships with many Clients in All Industries. Below represents a small sampling of our clients. We&#8217;d love to add your company to our growing roster of happy customers!<\/p>","protected":false},"author":1,"featured_media":0,"parent":0,"menu_order":0,"comment_status":"closed","ping_status":"closed","template":"","meta":{"om_disable_all_campaigns":false,"_monsterinsights_skip_tracking":false,"_monsterinsights_sitenote_active":false,"_monsterinsights_sitenote_note":"","_monsterinsights_sitenote_category":0,"footnotes":""},"class_list":["post-115","page","type-page","status-publish","hentry"],"aioseo_notices":[],"_links":{"self":[{"href":"https:\/\/it-butler.com.br\/pt\/wp-json\/wp\/v2\/pages\/115","targetHints":{"allow":["GET"]}}],"collection":[{"href":"https:\/\/it-butler.com.br\/pt\/wp-json\/wp\/v2\/pages"}],"about":[{"href":"https:\/\/it-butler.com.br\/pt\/wp-json\/wp\/v2\/types\/page"}],"author":[{"embeddable":true,"href":"https:\/\/it-butler.com.br\/pt\/wp-json\/wp\/v2\/users\/1"}],"replies":[{"embeddable":true,"href":"https:\/\/it-butler.com.br\/pt\/wp-json\/wp\/v2\/comments?post=115"}],"version-history":[{"count":8,"href":"https:\/\/it-butler.com.br\/pt\/wp-json\/wp\/v2\/pages\/115\/revisions"}],"predecessor-version":[{"id":176,"href":"https:\/\/it-butler.com.br\/pt\/wp-json\/wp\/v2\/pages\/115\/revisions\/176"}],"wp:attachment":[{"href":"https:\/\/it-butler.com.br\/pt\/wp-json\/wp\/v2\/media?parent=115"}],"curies":[{"name":"wp","href":"https:\/\/api.w.org\/{rel}","templated":true}]}}