{"id":103,"date":"2023-11-12T11:59:58","date_gmt":"2023-11-12T14:59:58","guid":{"rendered":"http:\/\/localhost:8000\/?page_id=103"},"modified":"2023-11-13T11:22:51","modified_gmt":"2023-11-13T14:22:51","slug":"team","status":"publish","type":"page","link":"https:\/\/it-butler.com.br\/pt\/team\/","title":{"rendered":"Equipe"},"content":{"rendered":"<div class=\"wp-block-group alignfull has-background has-global-padding is-layout-constrained wp-container-core-group-is-layout-69938507 wp-block-group-is-layout-constrained\" style=\"background-color:#e0e5eb;padding-top:70px;padding-right:30px;padding-bottom:70px;padding-left:30px\">\n<div class=\"wp-block-columns is-layout-flex wp-container-core-columns-is-layout-71cd492f wp-block-columns-is-layout-flex\" style=\"margin-top:0px;margin-bottom:35px;padding-top:0px;padding-right:0px;padding-bottom:0px;padding-left:0px\">\n<div class=\"wp-block-column has-global-padding is-layout-constrained wp-container-core-column-is-layout-0322c73a wp-block-column-is-layout-constrained\" style=\"padding-top:0px;padding-right:0px;padding-bottom:0px;padding-left:0px\">\n<h2 class=\"wp-block-heading has-text-align-center\" style=\"margin-top:0px;margin-right:0px;margin-bottom:0px;margin-left:0px;padding-top:0px;padding-right:0px;padding-bottom:15px;padding-left:0px;font-size:clamp(24.034px, 1.502rem + ((1vw - 3.2px) * 1.663), 40px);font-style:normal;font-weight:700\">Conhe\u00e7a nossa equipe<\/h2>\n\n\n\n<div class=\"wp-block-group has-global-padding is-layout-constrained wp-container-core-group-is-layout-2137a5b2 wp-block-group-is-layout-constrained\" style=\"margin-top:0px;margin-bottom:0px;padding-top:0px;padding-right:0px;padding-bottom:0px;padding-left:0px\">\n<p class=\"has-text-align-center\" style=\"margin-top:0px;margin-right:0px;margin-bottom:0px;margin-left:0px;padding-top:0px;padding-right:0px;padding-bottom:0px;padding-left:0px;font-size:clamp(14px, 0.875rem + ((1vw - 3.2px) * 0.208), 16px);\">Nossa equipe \u00e9 formada por profissionais de TI experientes com d\u00e9cadas de experi\u00eancia na ind\u00fastria. Todos n\u00f3s temos forma\u00e7\u00e3o acad\u00eamica em diversas disciplinas de ci\u00eancia da computa\u00e7\u00e3o e engenharia, e compartilhamos uma paix\u00e3o por tecnologia da informa\u00e7\u00e3o e ci\u00eancia da computa\u00e7\u00e3o.<\/p>\n\n\n\n<p class=\"has-text-align-center\" style=\"margin-top:0px;margin-right:0px;margin-bottom:0px;margin-left:0px;padding-top:0px;padding-right:0px;padding-bottom:0px;padding-left:0px;font-size:clamp(14px, 0.875rem + ((1vw - 3.2px) * 0.208), 16px);\">Possu\u00edmos expertise em desenvolvimento web, administra\u00e7\u00e3o de sistemas, administra\u00e7\u00e3o de bancos de dados e redes e CRM. Desenvolvemos e implementamos solu\u00e7\u00f5es de TI para uma ampla gama de clientes, desde pequenas empresas at\u00e9 grandes corpora\u00e7\u00f5es. <a href=\"http:\/\/it-butler.com.br\/pt\/?page_id=63\" data-type=\"page\" data-id=\"63\">Entre em contato<\/a> conosco hoje mesmo para saber mais sobre como podemos ajud\u00e1-lo com suas necessidades de TI.<\/p>\n<\/div>\n<\/div>\n<\/div>\n\n\n\n<div class=\"wp-block-columns is-layout-flex wp-container-core-columns-is-layout-e3711421 wp-block-columns-is-layout-flex\" style=\"margin-top:0px;margin-bottom:0px;padding-top:0px;padding-right:0px;padding-bottom:0px;padding-left:0px\">\n<div class=\"wp-block-column is-layout-flow wp-container-core-column-is-layout-069b10f1 wp-block-column-is-layout-flow\" style=\"padding-top:0px;padding-right:0px;padding-bottom:0px;padding-left:0px\">\n<div class=\"wp-block-group has-white-background-color has-background is-layout-flow wp-container-core-group-is-layout-524eb376 wp-block-group-is-layout-flow\" style=\"border-radius:15px;border-top-width:0px;border-right-width:0px;border-bottom-width:0px;border-left-color:var(--wp--preset--color--vivid-red);border-left-width:7px;padding-top:35px;padding-right:30px;padding-bottom:35px;padding-left:30px\">\n<h2 class=\"wp-block-heading has-black-color has-text-color\" style=\"margin-top:0px;margin-right:0px;margin-bottom:0px;margin-left:0px;padding-top:0px;padding-right:0px;padding-bottom:0px;padding-left:0px;font-size:clamp(16.834px, 1.052rem + ((1vw - 3.2px) * 0.955), 26px);font-style:normal;font-weight:700;text-transform:capitalize\">Fundadores<\/h2>\n\n\n\n<div style=\"height:24px\" aria-hidden=\"true\" class=\"wp-block-spacer\"><\/div>\n\n\n\n<ul class=\"wp-block-list\">\n<li class=\"has-small-font-size\">Lorenz Christian R. (Dipl.-Ing.(FH))<br>Electrical\/Electronics Engineer<br>Computer Programming, Web Development, System, Network and Database Administration, DevOps, Siebel-CRM, Microcontrollers and Embedded Systems<\/li>\n\n\n\n<li class=\"has-small-font-size\">Stefan H. (Dipl.-Ing.(FH))<br>Business Informatics<br>Computer Programming, Database Administration, Web Development, Business Administration, Siebel- and Salesforce-CRM<\/li>\n<\/ul>\n<\/div>\n<\/div>\n\n\n\n<div class=\"wp-block-column is-layout-flow wp-container-core-column-is-layout-dd5ee366 wp-block-column-is-layout-flow\" style=\"padding-top:0px;padding-right:0px;padding-bottom:0px;padding-left:0px\">\n<div class=\"wp-block-group has-white-background-color has-background is-layout-flow wp-container-core-group-is-layout-c0cb2e1b wp-block-group-is-layout-flow\" style=\"border-radius:15px;border-top-style:none;border-top-width:0px;border-right-style:none;border-right-width:0px;border-bottom-style:none;border-bottom-width:0px;border-left-color:var(--wp--preset--color--vivid-red);border-left-width:7px;padding-top:35px;padding-right:30px;padding-bottom:35px;padding-left:30px\">\n<h2 class=\"wp-block-heading has-black-color has-text-color\" style=\"margin-top:0px;margin-right:0px;margin-bottom:0px;margin-left:0px;padding-top:0px;padding-right:0px;padding-bottom:0px;padding-left:0px;font-size:clamp(16.834px, 1.052rem + ((1vw - 3.2px) * 0.955), 26px);font-style:normal;font-weight:700;text-transform:capitalize\">Equipes de produto<\/h2>\n\n\n\n<div style=\"height:24px\" aria-hidden=\"true\" class=\"wp-block-spacer\"><\/div>\n\n\n\n<ul class=\"wp-block-list\">\n<li class=\"has-small-font-size\">Ashot A. (BSc)<br>Mechanical Engineer<br>Computer Programming, Unix\/Linux Expert, System Integration and Administration, Web Development, DevOps<\/li>\n\n\n\n<li class=\"has-small-font-size\">Bernhard H. (Dipl.-Ing.(FH))<br>Business Informatics<br>Computer Programming, Web Development, System and Database Administration, Siebel- and Salesforce-CRM<\/li>\n<\/ul>\n<\/div>\n<\/div>\n<\/div>\n<\/div>","protected":false},"excerpt":{"rendered":"<p>Meet our Team Our team is built of experienced IT professionals with decades of experience in the industry. We all have an academic background in various computer science and engineering disciplines, and we share a passion for information technology and computer science. We have expertise in web development, system administration, database and network administration and [&hellip;]<\/p>\n","protected":false},"author":1,"featured_media":0,"parent":0,"menu_order":0,"comment_status":"closed","ping_status":"closed","template":"","meta":{"om_disable_all_campaigns":false,"_monsterinsights_skip_tracking":false,"_monsterinsights_sitenote_active":false,"_monsterinsights_sitenote_note":"","_monsterinsights_sitenote_category":0,"footnotes":""},"class_list":["post-103","page","type-page","status-publish","hentry"],"aioseo_notices":[],"_links":{"self":[{"href":"https:\/\/it-butler.com.br\/pt\/wp-json\/wp\/v2\/pages\/103","targetHints":{"allow":["GET"]}}],"collection":[{"href":"https:\/\/it-butler.com.br\/pt\/wp-json\/wp\/v2\/pages"}],"about":[{"href":"https:\/\/it-butler.com.br\/pt\/wp-json\/wp\/v2\/types\/page"}],"author":[{"embeddable":true,"href":"https:\/\/it-butler.com.br\/pt\/wp-json\/wp\/v2\/users\/1"}],"replies":[{"embeddable":true,"href":"https:\/\/it-butler.com.br\/pt\/wp-json\/wp\/v2\/comments?post=103"}],"version-history":[{"count":2,"href":"https:\/\/it-butler.com.br\/pt\/wp-json\/wp\/v2\/pages\/103\/revisions"}],"predecessor-version":[{"id":154,"href":"https:\/\/it-butler.com.br\/pt\/wp-json\/wp\/v2\/pages\/103\/revisions\/154"}],"wp:attachment":[{"href":"https:\/\/it-butler.com.br\/pt\/wp-json\/wp\/v2\/media?parent=103"}],"curies":[{"name":"wp","href":"https:\/\/api.w.org\/{rel}","templated":true}]}}